{"id":843,"date":"2023-11-28T15:54:20","date_gmt":"2023-11-28T15:54:20","guid":{"rendered":"https:\/\/uniarq.com.mx\/landing\/?page_id=843"},"modified":"2026-02-09T16:55:28","modified_gmt":"2026-02-09T16:55:28","slug":"nuestro-blog","status":"publish","type":"page","link":"https:\/\/uniarq.com.mx\/landing\/nuestro-blog\/","title":{"rendered":"Nuestro Blog"},"content":{"rendered":"\t\t<div data-elementor-type=\"wp-page\" data-elementor-id=\"843\" class=\"elementor elementor-843\" data-elementor-post-type=\"page\">\n\t\t\t\t\t\t<section class=\"elementor-section elementor-top-section elementor-element elementor-element-5515b37 elementor-section-height-min-height elementor-section-boxed elementor-section-height-default elementor-section-items-middle\" data-id=\"5515b37\" data-element_type=\"section\" data-e-type=\"section\" data-settings=\"{&quot;background_background&quot;:&quot;classic&quot;}\">\n\t\t\t\t\t\t\t<div class=\"elementor-background-overlay\"><\/div>\n\t\t\t\t\t\t\t<div class=\"elementor-container elementor-column-gap-default\">\n\t\t\t\t\t<div class=\"elementor-column elementor-col-100 elementor-top-column elementor-element elementor-element-fd48e80\" data-id=\"fd48e80\" data-element_type=\"column\" data-e-type=\"column\">\n\t\t\t<div class=\"elementor-widget-wrap elementor-element-populated\">\n\t\t\t\t\t\t<div class=\"elementor-element elementor-element-2f6d193 elementor-widget elementor-widget-heading\" data-id=\"2f6d193\" data-element_type=\"widget\" data-e-type=\"widget\" data-widget_type=\"heading.default\">\n\t\t\t\t<div class=\"elementor-widget-container\">\n\t\t\t\t\t<h1 class=\"elementor-heading-title elementor-size-default\">Noticias UNIARQ<\/h1>\t\t\t\t<\/div>\n\t\t\t\t<\/div>\n\t\t\t\t\t<\/div>\n\t\t<\/div>\n\t\t\t\t\t<\/div>\n\t\t<\/section>\n\t\t\t\t<section class=\"elementor-section elementor-top-section elementor-element elementor-element-d77f748 elementor-section-boxed elementor-section-height-default elementor-section-height-default\" data-id=\"d77f748\" data-element_type=\"section\" data-e-type=\"section\">\n\t\t\t\t\t\t<div class=\"elementor-container elementor-column-gap-default\">\n\t\t\t\t\t<div class=\"elementor-column elementor-col-100 elementor-top-column elementor-element elementor-element-7c86d51\" data-id=\"7c86d51\" data-element_type=\"column\" data-e-type=\"column\">\n\t\t\t<div class=\"elementor-widget-wrap elementor-element-populated\">\n\t\t\t\t\t\t<div class=\"elementor-element elementor-element-89e30ff elementor-grid-3 elementor-grid-tablet-2 elementor-grid-mobile-1 elementor-posts--thumbnail-top elementor-card-shadow-yes elementor-posts__hover-gradient load-more-align-center elementor-widget elementor-widget-posts\" data-id=\"89e30ff\" data-element_type=\"widget\" data-e-type=\"widget\" data-settings=\"{&quot;cards_row_gap&quot;:{&quot;unit&quot;:&quot;px&quot;,&quot;size&quot;:20,&quot;sizes&quot;:[]},&quot;pagination_type&quot;:&quot;load_more_on_click&quot;,&quot;cards_columns&quot;:&quot;3&quot;,&quot;cards_columns_tablet&quot;:&quot;2&quot;,&quot;cards_columns_mobile&quot;:&quot;1&quot;,&quot;cards_row_gap_widescreen&quot;:{&quot;unit&quot;:&quot;px&quot;,&quot;size&quot;:&quot;&quot;,&quot;sizes&quot;:[]},&quot;cards_row_gap_tablet&quot;:{&quot;unit&quot;:&quot;px&quot;,&quot;size&quot;:&quot;&quot;,&quot;sizes&quot;:[]},&quot;cards_row_gap_mobile&quot;:{&quot;unit&quot;:&quot;px&quot;,&quot;size&quot;:&quot;&quot;,&quot;sizes&quot;:[]},&quot;load_more_spinner&quot;:{&quot;value&quot;:&quot;fas fa-spinner&quot;,&quot;library&quot;:&quot;fa-solid&quot;}}\" data-widget_type=\"posts.cards\">\n\t\t\t\t<div class=\"elementor-widget-container\">\n\t\t\t\t\t\t\t<div class=\"elementor-posts-container elementor-posts elementor-posts--skin-cards elementor-grid\" role=\"list\">\n\t\t\t\t<article class=\"elementor-post elementor-grid-item post-1276 post type-post status-publish format-standard has-post-thumbnail hentry category-noticias\" role=\"listitem\">\n\t\t\t<div class=\"elementor-post__card\">\n\t\t\t\t<a class=\"elementor-post__thumbnail__link\" href=\"https:\/\/uniarq.com.mx\/landing\/noticias\/diferencias-entre-arquitectura-y-construccion\/\" tabindex=\"-1\" ><div class=\"elementor-post__thumbnail\"><img fetchpriority=\"high\" decoding=\"async\" width=\"300\" height=\"300\" src=\"https:\/\/uniarq.com.mx\/landing\/wp-content\/uploads\/2023\/10\/7-300x300.webp\" class=\"attachment-medium size-medium wp-image-740\" alt=\"UNIARQ, CONOCE EL MUNDO DE LA ARQUITECTURA DIGITAL, dos estudiantes facilitando la experimentaci\u00f3n y la innovaci\u00f3n, siendo r\u00e1pidas y eficientes para trabajar con modelos a escala\" srcset=\"https:\/\/uniarq.com.mx\/landing\/wp-content\/uploads\/2023\/10\/7-300x300.webp 300w, https:\/\/uniarq.com.mx\/landing\/wp-content\/uploads\/2023\/10\/7-150x150.webp 150w, https:\/\/uniarq.com.mx\/landing\/wp-content\/uploads\/2023\/10\/7.webp 500w\" sizes=\"(max-width: 300px) 100vw, 300px\" \/><\/div><\/a>\n\t\t\t\t<div class=\"elementor-post__text\">\n\t\t\t\t<h3 class=\"elementor-post__title\">\n\t\t\t<a href=\"https:\/\/uniarq.com.mx\/landing\/noticias\/diferencias-entre-arquitectura-y-construccion\/\" >\n\t\t\t\t<strong>DIFERENCIAS ENTRE ARQUITECTURA Y CONSTRUCCI\u00d3N<\/strong>\t\t\t<\/a>\n\t\t<\/h3>\n\t\t\t\t<div class=\"elementor-post__excerpt\">\n\t\t\t<p>La arquitectura y la construcci\u00f3n son dos disciplinas relacionadas entre s\u00ed, ya que son aquellas que desempe\u00f1an un papel importante<\/p>\n\t\t<\/div>\n\t\t\t\t\t<div class=\"elementor-post__read-more-wrapper\">\n\t\t\n\t\t<a class=\"elementor-post__read-more\" href=\"https:\/\/uniarq.com.mx\/landing\/noticias\/diferencias-entre-arquitectura-y-construccion\/\" aria-label=\"M\u00e1s informaci\u00f3n sobre &lt;strong&gt;DIFERENCIAS ENTRE ARQUITECTURA Y CONSTRUCCI\u00d3N&lt;\/strong&gt;\" tabindex=\"-1\" >\n\t\t\tLeer m\u00e1s \u00bb\t\t<\/a>\n\n\t\t\t\t\t<\/div>\n\t\t\t\t<\/div>\n\t\t\t\t\t<\/div>\n\t\t<\/article>\n\t\t\t\t<article class=\"elementor-post elementor-grid-item post-1274 post type-post status-publish format-standard has-post-thumbnail hentry category-noticias\" role=\"listitem\">\n\t\t\t<div class=\"elementor-post__card\">\n\t\t\t\t<a class=\"elementor-post__thumbnail__link\" href=\"https:\/\/uniarq.com.mx\/landing\/noticias\/la-arquitectura-como-ciencia\/\" tabindex=\"-1\" ><div class=\"elementor-post__thumbnail\"><img fetchpriority=\"high\" decoding=\"async\" width=\"300\" height=\"300\" src=\"https:\/\/uniarq.com.mx\/landing\/wp-content\/uploads\/2023\/10\/7-300x300.webp\" class=\"attachment-medium size-medium wp-image-740\" alt=\"UNIARQ, CONOCE EL MUNDO DE LA ARQUITECTURA DIGITAL, dos estudiantes facilitando la experimentaci\u00f3n y la innovaci\u00f3n, siendo r\u00e1pidas y eficientes para trabajar con modelos a escala\" srcset=\"https:\/\/uniarq.com.mx\/landing\/wp-content\/uploads\/2023\/10\/7-300x300.webp 300w, https:\/\/uniarq.com.mx\/landing\/wp-content\/uploads\/2023\/10\/7-150x150.webp 150w, https:\/\/uniarq.com.mx\/landing\/wp-content\/uploads\/2023\/10\/7.webp 500w\" sizes=\"(max-width: 300px) 100vw, 300px\" \/><\/div><\/a>\n\t\t\t\t<div class=\"elementor-post__text\">\n\t\t\t\t<h3 class=\"elementor-post__title\">\n\t\t\t<a href=\"https:\/\/uniarq.com.mx\/landing\/noticias\/la-arquitectura-como-ciencia\/\" >\n\t\t\t\t<strong>LA ARQUITECTURA COMO CIENCIA<\/strong>\t\t\t<\/a>\n\t\t<\/h3>\n\t\t\t\t<div class=\"elementor-post__excerpt\">\n\t\t\t<p>Desde la antig\u00fcedad la arquitectura y la ciencia siempre se han visto estrechamente relacionadas, ya que muchos fil\u00f3sofos, arquitectos y<\/p>\n\t\t<\/div>\n\t\t\t\t\t<div class=\"elementor-post__read-more-wrapper\">\n\t\t\n\t\t<a class=\"elementor-post__read-more\" href=\"https:\/\/uniarq.com.mx\/landing\/noticias\/la-arquitectura-como-ciencia\/\" aria-label=\"M\u00e1s informaci\u00f3n sobre &lt;strong&gt;LA ARQUITECTURA COMO CIENCIA&lt;\/strong&gt;\" tabindex=\"-1\" >\n\t\t\tLeer m\u00e1s \u00bb\t\t<\/a>\n\n\t\t\t\t\t<\/div>\n\t\t\t\t<\/div>\n\t\t\t\t\t<\/div>\n\t\t<\/article>\n\t\t\t\t<article class=\"elementor-post elementor-grid-item post-1272 post type-post status-publish format-standard has-post-thumbnail hentry category-noticias\" role=\"listitem\">\n\t\t\t<div class=\"elementor-post__card\">\n\t\t\t\t<a class=\"elementor-post__thumbnail__link\" href=\"https:\/\/uniarq.com.mx\/landing\/noticias\/conoce-el-mundo-de-la-arquitectura-digital\/\" tabindex=\"-1\" ><div class=\"elementor-post__thumbnail\"><img fetchpriority=\"high\" decoding=\"async\" width=\"300\" height=\"300\" src=\"https:\/\/uniarq.com.mx\/landing\/wp-content\/uploads\/2023\/10\/7-300x300.webp\" class=\"attachment-medium size-medium wp-image-740\" alt=\"UNIARQ, CONOCE EL MUNDO DE LA ARQUITECTURA DIGITAL, dos estudiantes facilitando la experimentaci\u00f3n y la innovaci\u00f3n, siendo r\u00e1pidas y eficientes para trabajar con modelos a escala\" srcset=\"https:\/\/uniarq.com.mx\/landing\/wp-content\/uploads\/2023\/10\/7-300x300.webp 300w, https:\/\/uniarq.com.mx\/landing\/wp-content\/uploads\/2023\/10\/7-150x150.webp 150w, https:\/\/uniarq.com.mx\/landing\/wp-content\/uploads\/2023\/10\/7.webp 500w\" sizes=\"(max-width: 300px) 100vw, 300px\" \/><\/div><\/a>\n\t\t\t\t<div class=\"elementor-post__text\">\n\t\t\t\t<h3 class=\"elementor-post__title\">\n\t\t\t<a href=\"https:\/\/uniarq.com.mx\/landing\/noticias\/conoce-el-mundo-de-la-arquitectura-digital\/\" >\n\t\t\t\t<strong>CONOCE EL MUNDO DE LA ARQUITECTURA DIGITAL<\/strong>\t\t\t<\/a>\n\t\t<\/h3>\n\t\t\t\t<div class=\"elementor-post__excerpt\">\n\t\t\t<p>La arquitectura digital es un campo fascinante que fusiona la creatividad arquitect\u00f3nica con las tecnolog\u00edas digitales m\u00e1s avanzadas. En la<\/p>\n\t\t<\/div>\n\t\t\t\t\t<div class=\"elementor-post__read-more-wrapper\">\n\t\t\n\t\t<a class=\"elementor-post__read-more\" href=\"https:\/\/uniarq.com.mx\/landing\/noticias\/conoce-el-mundo-de-la-arquitectura-digital\/\" aria-label=\"M\u00e1s informaci\u00f3n sobre &lt;strong&gt;CONOCE EL MUNDO DE LA ARQUITECTURA DIGITAL&lt;\/strong&gt;\" tabindex=\"-1\" >\n\t\t\tLeer m\u00e1s \u00bb\t\t<\/a>\n\n\t\t\t\t\t<\/div>\n\t\t\t\t<\/div>\n\t\t\t\t\t<\/div>\n\t\t<\/article>\n\t\t\t\t<article class=\"elementor-post elementor-grid-item post-835 post type-post status-publish format-standard has-post-thumbnail hentry category-noticias\" role=\"listitem\">\n\t\t\t<div class=\"elementor-post__card\">\n\t\t\t\t<a class=\"elementor-post__thumbnail__link\" href=\"https:\/\/uniarq.com.mx\/landing\/noticias\/descubriendo-la-carrera-de-arquitectura-a-traves-del-primer-semestre-en-uniarq\/\" tabindex=\"-1\" ><div class=\"elementor-post__thumbnail\"><img fetchpriority=\"high\" decoding=\"async\" width=\"300\" height=\"300\" src=\"https:\/\/uniarq.com.mx\/landing\/wp-content\/uploads\/2023\/10\/7-300x300.webp\" class=\"attachment-medium size-medium wp-image-740\" alt=\"UNIARQ, CONOCE EL MUNDO DE LA ARQUITECTURA DIGITAL, dos estudiantes facilitando la experimentaci\u00f3n y la innovaci\u00f3n, siendo r\u00e1pidas y eficientes para trabajar con modelos a escala\" srcset=\"https:\/\/uniarq.com.mx\/landing\/wp-content\/uploads\/2023\/10\/7-300x300.webp 300w, https:\/\/uniarq.com.mx\/landing\/wp-content\/uploads\/2023\/10\/7-150x150.webp 150w, https:\/\/uniarq.com.mx\/landing\/wp-content\/uploads\/2023\/10\/7.webp 500w\" sizes=\"(max-width: 300px) 100vw, 300px\" \/><\/div><\/a>\n\t\t\t\t<div class=\"elementor-post__text\">\n\t\t\t\t<h3 class=\"elementor-post__title\">\n\t\t\t<a href=\"https:\/\/uniarq.com.mx\/landing\/noticias\/descubriendo-la-carrera-de-arquitectura-a-traves-del-primer-semestre-en-uniarq\/\" >\n\t\t\t\tDescubriendo la Carrera de Arquitectura a Trav\u00e9s del Primer semestre en UNIARQ\t\t\t<\/a>\n\t\t<\/h3>\n\t\t\t\t<div class=\"elementor-post__excerpt\">\n\t\t\t<p>La carrera de arquitectura es un viaje educativo que abarca una gama diversa de disciplinas, desde las artes hasta la<\/p>\n\t\t<\/div>\n\t\t\t\t\t<div class=\"elementor-post__read-more-wrapper\">\n\t\t\n\t\t<a class=\"elementor-post__read-more\" href=\"https:\/\/uniarq.com.mx\/landing\/noticias\/descubriendo-la-carrera-de-arquitectura-a-traves-del-primer-semestre-en-uniarq\/\" aria-label=\"M\u00e1s informaci\u00f3n sobre Descubriendo la Carrera de Arquitectura a Trav\u00e9s del Primer semestre en UNIARQ\" tabindex=\"-1\" >\n\t\t\tLeer m\u00e1s \u00bb\t\t<\/a>\n\n\t\t\t\t\t<\/div>\n\t\t\t\t<\/div>\n\t\t\t\t\t<\/div>\n\t\t<\/article>\n\t\t\t\t<\/div>\n\t\t\t\t\t<span class=\"e-load-more-spinner\">\n\t\t\t\t<i aria-hidden=\"true\" class=\"fas fa-spinner\"><\/i>\t\t\t<\/span>\n\t\t\n\t\t\t\t\t\t<\/div>\n\t\t\t\t<\/div>\n\t\t\t\t\t<\/div>\n\t\t<\/div>\n\t\t\t\t\t<\/div>\n\t\t<\/section>\n\t\t\t\t<\/div>\n\t\t","protected":false},"excerpt":{"rendered":"<p>Noticias UNIARQ, ent\u00e9rate de contenido de noticias relevantes de la arquitectura y el dise\u00f1o de interiores.<\/p>\n","protected":false},"author":3,"featured_media":1291,"parent":0,"menu_order":0,"comment_status":"closed","ping_status":"closed","template":"","meta":{"footnotes":""},"class_list":["post-843","page","type-page","status-publish","has-post-thumbnail","hentry"],"aioseo_notices":[],"_links":{"self":[{"href":"https:\/\/uniarq.com.mx\/landing\/wp-json\/wp\/v2\/pages\/843","targetHints":{"allow":["GET"]}}],"collection":[{"href":"https:\/\/uniarq.com.mx\/landing\/wp-json\/wp\/v2\/pages"}],"about":[{"href":"https:\/\/uniarq.com.mx\/landing\/wp-json\/wp\/v2\/types\/page"}],"author":[{"embeddable":true,"href":"https:\/\/uniarq.com.mx\/landing\/wp-json\/wp\/v2\/users\/3"}],"replies":[{"embeddable":true,"href":"https:\/\/uniarq.com.mx\/landing\/wp-json\/wp\/v2\/comments?post=843"}],"version-history":[{"count":32,"href":"https:\/\/uniarq.com.mx\/landing\/wp-json\/wp\/v2\/pages\/843\/revisions"}],"predecessor-version":[{"id":2023,"href":"https:\/\/uniarq.com.mx\/landing\/wp-json\/wp\/v2\/pages\/843\/revisions\/2023"}],"wp:featuredmedia":[{"embeddable":true,"href":"https:\/\/uniarq.com.mx\/landing\/wp-json\/wp\/v2\/media\/1291"}],"wp:attachment":[{"href":"https:\/\/uniarq.com.mx\/landing\/wp-json\/wp\/v2\/media?parent=843"}],"curies":[{"name":"wp","href":"https:\/\/api.w.org\/{rel}","templated":true}]}}